{"id":6368,"date":"2020-07-20T12:24:12","date_gmt":"2020-07-20T10:24:12","guid":{"rendered":"https:\/\/www.technologpark.pl\/?page_id=6368"},"modified":"2021-11-05T15:33:10","modified_gmt":"2021-11-05T14:33:10","slug":"komunikaty","status":"publish","type":"page","link":"https:\/\/www.technologpark.pl\/en\/komunikaty\/","title":{"rendered":"Komunikaty"},"content":{"rendered":"<p><div class=\"fusion-fullwidth fullwidth-box fusion-builder-row-1 fusion-parallax-none hundred-percent-fullwidth non-hundred-percent-height-scrolling fusion-no-small-visibility fusion-no-medium-visibility\" style=\"--awb-background-position:center top;--awb-border-sizes-top:0px;--awb-border-sizes-bottom:0px;--awb-border-sizes-left:0px;--awb-border-sizes-right:0px;--awb-border-radius-top-left:0px;--awb-border-radius-top-right:0px;--awb-border-radius-bottom-right:0px;--awb-border-radius-bottom-left:0px;--awb-padding-top:100px;--awb-padding-right:0px;--awb-padding-bottom:0px;--awb-padding-left:0px;--awb-margin-bottom:45px;--awb-background-color:#1c1e21;--awb-background-image:url(&quot;https:\/\/www.technologpark.pl\/wp-content\/uploads\/2019\/05\/stellar-hub-wroc\u0142awski-park-technologiczny-800x206.png&quot;);--awb-background-size:cover;--awb-flex-wrap:wrap;\" ><div class=\"fusion-builder-row fusion-row\"><div class=\"fusion-layout-column fusion_builder_column fusion-builder-column-0 fusion_builder_column_1_1 1_1 fusion-one-full fusion-column-first fusion-column-last fusion-column-no-min-height\" style=\"--awb-padding-left:10%;--awb-bg-size:cover;--awb-margin-bottom:0px;\"><div class=\"fusion-column-wrapper fusion-column-has-shadow fusion-flex-column-wrapper-legacy\"><div class=\"fusion-text fusion-text-1\"><h2 style=\"font-size: 48px; text-align: left; line-height: 48px;\"><span style=\"color: #ffffff;\">Komunikaty<\/span><\/h2>\n<\/div><div class=\"fusion-clearfix\"><\/div><\/div><\/div><\/div><\/div><div class=\"fusion-fullwidth fullwidth-box fusion-builder-row-2 fusion-parallax-none hundred-percent-fullwidth non-hundred-percent-height-scrolling fusion-no-large-visibility\" style=\"--awb-background-position:center top;--awb-border-sizes-top:0px;--awb-border-sizes-bottom:0px;--awb-border-sizes-left:0px;--awb-border-sizes-right:0px;--awb-border-radius-top-left:0px;--awb-border-radius-top-right:0px;--awb-border-radius-bottom-right:0px;--awb-border-radius-bottom-left:0px;--awb-padding-top:100px;--awb-padding-right:0px;--awb-padding-bottom:0px;--awb-padding-left:0px;--awb-margin-bottom:45px;--awb-background-color:#1c1e21;--awb-background-image:url(&quot;https:\/\/www.technologpark.pl\/wp-content\/uploads\/2019\/05\/stellar-hub-wroc\u0142awski-park-technologiczny-800x206.png&quot;);--awb-background-size:cover;--awb-flex-wrap:wrap;\" ><div class=\"fusion-builder-row fusion-row\"><div class=\"fusion-layout-column fusion_builder_column fusion-builder-column-1 fusion_builder_column_1_1 1_1 fusion-one-full fusion-column-first fusion-column-last fusion-column-no-min-height\" style=\"--awb-padding-left:10%;--awb-bg-size:cover;--awb-margin-bottom:0px;\"><div class=\"fusion-column-wrapper fusion-column-has-shadow fusion-flex-column-wrapper-legacy\"><div class=\"fusion-text fusion-text-2\"><h2 style=\"font-size: 32px; text-align: left; line-height: 48px;\"><span style=\"color: #ffffff;\">Komunikaty<\/span><\/h2>\n<\/div><div class=\"fusion-clearfix\"><\/div><\/div><\/div><\/div><\/div><div class=\"fusion-fullwidth fullwidth-box fusion-builder-row-3 nonhundred-percent-fullwidth non-hundred-percent-height-scrolling\" style=\"--awb-border-radius-top-left:0px;--awb-border-radius-top-right:0px;--awb-border-radius-bottom-right:0px;--awb-border-radius-bottom-left:0px;--awb-padding-top:0px;--awb-flex-wrap:wrap;\" ><div class=\"fusion-builder-row fusion-row\"><div class=\"fusion-layout-column fusion_builder_column fusion-builder-column-2 fusion_builder_column_1_1 1_1 fusion-one-full fusion-column-first fusion-column-last\" style=\"--awb-bg-size:cover;\"><div class=\"fusion-column-wrapper fusion-column-has-shadow fusion-flex-column-wrapper-legacy\"><div class=\"fusion-text fusion-text-3\"><h4><strong>KOMUNIKAT WPT Z DNIA 5.11.2021\u00a0<\/strong><\/h4>\n<p>Administrator danych osobowych, jakim jest Wroc\u0142awski Park Technologiczny S.A. z siedzib\u0105 we Wroc\u0142awiu, przy ulicy Muchoborskiej 18, w trybie art. 34 pkt 1,2, oraz 3 lit. c) Rozporz\u0105dzenia Parlamentu Europejskiego i Rady UE 2016\/679 z dnia 27 kwietnia 2016 roku w sprawie ochrony os\u00f3b fizycznych w zwi\u0105zku z przetwarzaniem danych osobowych i w sprawie swobodnego przep\u0142ywu takich danych oraz uchylenia dyrektywy 95\/46\/WE ( dalej: RODO) niniejszym informuje o mo\u017cliwo\u015bci naruszenia ochrony Pani\/Pana danych osobowych, w zwi\u0105zku z incydentem, do jakiego dosz\u0142o w dniu 02.11.2021 r. we Wroc\u0142awiu.<\/p>\n<\/div><div class=\"fusion-button-wrapper fusion-alignleft\"><a class=\"fusion-button button-flat fusion-button-default-size button-custom fusion-button-default button-1 fusion-button-default-span fusion-button-default-type\" style=\"--button_accent_color:#ffffff;--button_accent_hover_color:#ffffff;--button_border_hover_color:#ffffff;--button_gradient_top_color:#8b2740;--button_gradient_bottom_color:#8b2740;--button_gradient_top_color_hover:var(--awb-custom_color_2);--button_gradient_bottom_color_hover:var(--awb-custom_color_2);\" target=\"_blank\" rel=\"noopener noreferrer\" href=\"https:\/\/www.technologpark.pl\/wp-content\/uploads\/2021\/11\/scan_2021-11-05_14-32-06.pdf\"><span class=\"fusion-button-text awb-button__text awb-button__text--default\">ZOBACZ PE\u0141N\u0104 TRE\u015a\u0106 KOMUNIKATU<\/span><\/a><\/div><div class=\"fusion-clearfix\"><\/div><\/div><\/div><\/div><\/div><div class=\"fusion-fullwidth fullwidth-box fusion-builder-row-4 nonhundred-percent-fullwidth non-hundred-percent-height-scrolling\" style=\"--awb-border-radius-top-left:0px;--awb-border-radius-top-right:0px;--awb-border-radius-bottom-right:0px;--awb-border-radius-bottom-left:0px;--awb-padding-top:0px;--awb-flex-wrap:wrap;\" ><div class=\"fusion-builder-row fusion-row\"><div class=\"fusion-layout-column fusion_builder_column fusion-builder-column-3 fusion_builder_column_1_1 1_1 fusion-one-full fusion-column-first fusion-column-last\" style=\"--awb-bg-size:cover;\"><div class=\"fusion-column-wrapper fusion-column-has-shadow fusion-flex-column-wrapper-legacy\"><div class=\"fusion-text fusion-text-4\"><h4><strong>KOMUNIKAT WPT\/44\/7\/2020<\/strong><\/h4>\n<p>Administrator danych osobowych, jakim jest Wroc\u0142awski Park Technologiczny S.A. z siedzib\u0105 we Wroc\u0142awiu, przy ulicy Muchoborskiej 18, w trybie art. 34 pkt 1,2, oraz 3 lit. c) Rozporz\u0105dzenia Parlamentu Europejskiego i Rady UE 2016\/679 z dnia 27 kwietnia 2016 roku w sprawie ochrony os\u00f3b fizycznych w zwi\u0105zku z przetwarzaniem danych osobowych i w sprawie swobodnego przep\u0142ywu takich danych oraz uchylenia dyrektywy 95\/46\/WE ( dalej: RODO) niniejszym informuje o mo\u017cliwo\u015bci naruszenia ochrony Pani\/Pana danych osobowych, w zwi\u0105zku z incydentem do jakiego dosz\u0142o w dniu 08.07.2020 r. we Wroc\u0142awiu.<\/p>\n<\/div><div class=\"fusion-button-wrapper fusion-alignleft\"><a class=\"fusion-button button-flat fusion-button-default-size button-custom fusion-button-default button-2 fusion-button-default-span fusion-button-default-type\" style=\"--button_accent_color:#ffffff;--button_accent_hover_color:#ffffff;--button_border_hover_color:#ffffff;--button_gradient_top_color:#8b2740;--button_gradient_bottom_color:#8b2740;--button_gradient_top_color_hover:var(--awb-custom_color_2);--button_gradient_bottom_color_hover:var(--awb-custom_color_2);\" target=\"_blank\" rel=\"noopener noreferrer\" href=\"#\" data-toggle=\"modal\" data-target=\".fusion-modal.4472020\"><span class=\"fusion-button-text awb-button__text awb-button__text--default\">ZOBACZ PE\u0141N\u0104 TRE\u015a\u0106 KOMUNIKATU<\/span><\/a><\/div><div class=\"fusion-modal modal fade modal-1 4472020\" tabindex=\"-1\" role=\"dialog\" aria-labelledby=\"modal-heading-1\" aria-hidden=\"true\" style=\"--awb-border-color:#ebebeb;--awb-background:#f6f6f6;\"><div class=\"modal-dialog modal-lg\" role=\"document\"><div class=\"modal-content fusion-modal-content\"><div class=\"modal-header\"><button class=\"close\" type=\"button\" data-dismiss=\"modal\" aria-hidden=\"true\" aria-label=\"Close\">&times;<\/button><h3 class=\"modal-title\" id=\"modal-heading-1\" data-dismiss=\"modal\" aria-hidden=\"true\">Komunikat WPT\/44\/7\/2020<\/h3><\/div><div class=\"modal-body fusion-clearfix\">\n<p>WPT\/44\/7\/2020<\/p>\n<p>Szanowni Pa\u0144stwo,<\/p>\n<p>Administrator danych osobowych, jakim jest Wroc\u0142awski Park Technologiczny S.A. z\u00a0siedzib\u0105 we Wroc\u0142awiu, przy ulicy Muchoborskiej 18, w trybie art. 34 pkt 1,2, oraz 3 lit. c) Rozporz\u0105dzenia Parlamentu Europejskiego i Rady UE 2016\/679 z dnia 27 kwietnia 2016 roku w sprawie ochrony os\u00f3b fizycznych w\u00a0zwi\u0105zku z\u00a0przetwarzaniem danych osobowych i w sprawie swobodnego przep\u0142ywu takich danych oraz uchylenia dyrektywy 95\/46\/WE ( dalej: RODO) <u>niniejszym informuje o\u00a0mo\u017cliwo\u015bci naruszenia ochrony Pani\/Pana danych osobowych, w zwi\u0105zku z\u00a0incydentem do jakiego dosz\u0142o w\u00a0dniu 08.07.2020 r. we Wroc\u0142awiu.<\/u><\/p>\n<p>W dniu 8 lipca 2020 r. \u00a0mia\u0142a miejsce kradzie\u017c komputera przeno\u015bnego u\u017cytkowanego przez pracownika sp\u00f3\u0142ki Wroc\u0142awski Park Technologiczny S.A. Na dysku tego komputera znajdowa\u0142y si\u0119 dane osobowe pracownik\u00f3w sp\u00f3\u0142ki jak r\u00f3wnie\u017c os\u00f3b \u015bci\u015ble wsp\u00f3\u0142pracuj\u0105cych z WPT S.A. w tym m.in. Cz\u0142onk\u00f3w Rady Nadzorczej, klient\u00f3w oraz kontrahent\u00f3w wsp\u00f3\u0142pracuj\u0105cych z WPT S.A. Administrator Danych Osobowych realizuj\u0105c obowi\u0105zek wynikaj\u0105cy z art. 34 RODO, nie mo\u017ce wykluczy\u0107, i\u017c w wyniku tego incydentu nieznane osoby uzyska\u0142y dost\u0119p do Pani\/Pana danych osobowych, przez co dosz\u0142o do ich naruszenia. Na dysku komputera znajdowa\u0142y si\u0119 dane osobowe obejmuj\u0105ce m.in.: dane identyfikacyjne &#8211; imi\u0119, drugie imi\u0119, nazwisko, nazwisko rodowe, imiona rodzic\u00f3w, pesel, p\u0142e\u0107, obywatelstwo, adres zamieszkania, seria i numer dowodu\/paszportu, nr telefonu kom\u00f3rkowego i\u00a0stacjonarnego oraz adres e\u00a0\u2011\u00a0mail.<\/p>\n<p>Mo\u017cliwymi konsekwencjami ewentualnego naruszenia ochrony danych osobowych jest nieuprawnione wykorzystanie danych osobowych m.in. w celu kradzie\u017cy to\u017csamo\u015bci, w szczeg\u00f3lno\u015bci:<\/p>\n<ul>\n<li>uzyskania przez osoby trzecie, na szkod\u0119 osoby, kt\u00f3rej dane naruszono, kredyt\u00f3w w instytucjach pozabankowych;<\/li>\n<li>uzyskania dost\u0119pu do korzystania ze \u015bwiadcze\u0144 opieki zdrowotnej przys\u0142uguj\u0105cych osobie, kt\u00f3rej dane naruszono oraz do jej danych o stanie zdrowia, poniewa\u017c cz\u0119sto dost\u0119p do system\u00f3w rejestracji pacjenta mo\u017cna uzyska\u0107 telefonicznie potwierdzaj\u0105c swoj\u0105 to\u017csamo\u015b\u0107 za pomoc\u0105 numeru PESEL;<\/li>\n<li>korzystania z praw obywatelskich osoby;<\/li>\n<li>wy\u0142udzenia ubezpieczenia lub \u015brodk\u00f3w z ubezpieczenia.<\/li>\n<\/ul>\n<p>W celu zabezpieczenia si\u0119 przed negatywnymi skutkami zaistnia\u0142ego naruszenia zalecamy, aby osoby kt\u00f3rych dane osobowe mog\u0142y ulec naruszeniu, podj\u0119\u0142y kroki minimalizuj\u0105ce ryzyko wyst\u0105pienia negatywnych konsekwencji i nieuprawnionego wykorzystania danych m.in. poprzez:<\/p>\n<ul>\n<li>za\u0142o\u017cenie konta w systemie informacji kredytowej i gospodarczej celem monitorowania swojej aktywno\u015bci kredytowej. \u00a0W przypadku stwierdzenia jakichkolwiek nieprawid\u0142owo\u015bci \u2013 prosimy o\u00a0zg\u0142oszenie tego faktu organom \u015bcigania;<\/li>\n<li>prewencyjnie: zmian\u0119 dowodu osobistego.<\/li>\n<\/ul>\n<p>Podj\u0119cie tych dzia\u0142a\u0144 \u00a0ma na celu zabezpieczenie Pani\/Pana danych osobowych przed niew\u0142a\u015bciwym ich wykorzystaniem.<\/p>\n<p>Zapewniamy, i\u017c Administrator Danych Osobowych w celu zaradzenia naruszeniu ochrony danych osobowych i zminimalizowania ewentualnych negatywnych skutk\u00f3w tego naruszenia \u00a0podj\u0105\u0142 niezw\u0142ocznie adekwatne \u015brodki organizacyjne, administracyjne i prawne, w tym dokona\u0142 zg\u0142oszenia o\u00a0naruszeniu danych osobowych do Urz\u0119du Ochrony Danych Osobowych, a pracownik b\u0119d\u0105cy u\u017cytkownikiem skradzionego komputera, z\u0142o\u017cy\u0142 zawiadomienie w KP Wroc\u0142aw \u015ar\u00f3dmie\u015bcie o\u00a0podejrzeniu pope\u0142nienia przest\u0119pstwa przez nieznanych sprawc\u00f3w, polegaj\u0105cego na kradzie\u017cy m.in. komputera przeno\u015bnego zawieraj\u0105cego dane osobowe os\u00f3b wsp\u00f3\u0142pracuj\u0105cych z WPT S.A. Dodatkowo pracownicy dzia\u0142u IT zatrudnieni w WPT S.A. dokonali zmiany has\u0142a do poczty e \u2013 mail oraz do zasob\u00f3w sieciowych, celem utrudnienia sprawcom kradzie\u017cy wej\u015bcie w posiadanie danych osobowych znajduj\u0105cych si\u0119 w komputerze.<\/p>\n<p>W razie dodatkowych pyta\u0144 lub w\u0105tpliwo\u015bci prosimy o kontakt z Pani\u0105 Katarzyn\u0105 Ciesielsk\u0105 &#8211;\u00a0 Specjalist\u0105 w\u00a0dziale ds. Prawnych i\u00a0Organizacyjnych -, numer telefonu: 781\u00a0871\u00a0887, e \u2013 mail: <a href=\"mailto:katarzyna.ciesielska@technologpark.pl\">katarzyna.ciesielska@technologpark.pl<\/a>.<\/p>\n<\/div><div class=\"modal-footer\"><button class=\"fusion-button button-default button-medium button default medium\" type=\"button\" data-dismiss=\"modal\">Close<\/button><\/div><\/div><\/div><\/div><div class=\"fusion-clearfix\"><\/div><\/div><\/div><\/div><\/div><\/p>\n","protected":false},"excerpt":{"rendered":"","protected":false},"author":2,"featured_media":0,"parent":0,"menu_order":0,"comment_status":"closed","ping_status":"closed","template":"100-width.php","meta":{"footnotes":""},"class_list":["post-6368","page","type-page","status-publish","hentry"],"_links":{"self":[{"href":"https:\/\/www.technologpark.pl\/en\/wp-json\/wp\/v2\/pages\/6368","targetHints":{"allow":["GET"]}}],"collection":[{"href":"https:\/\/www.technologpark.pl\/en\/wp-json\/wp\/v2\/pages"}],"about":[{"href":"https:\/\/www.technologpark.pl\/en\/wp-json\/wp\/v2\/types\/page"}],"author":[{"embeddable":true,"href":"https:\/\/www.technologpark.pl\/en\/wp-json\/wp\/v2\/users\/2"}],"replies":[{"embeddable":true,"href":"https:\/\/www.technologpark.pl\/en\/wp-json\/wp\/v2\/comments?post=6368"}],"version-history":[{"count":0,"href":"https:\/\/www.technologpark.pl\/en\/wp-json\/wp\/v2\/pages\/6368\/revisions"}],"wp:attachment":[{"href":"https:\/\/www.technologpark.pl\/en\/wp-json\/wp\/v2\/media?parent=6368"}],"curies":[{"name":"wp","href":"https:\/\/api.w.org\/{rel}","templated":true}]}}