{"id":4659,"date":"2020-01-15T17:21:29","date_gmt":"2020-01-15T16:21:29","guid":{"rendered":"https:\/\/www.technologpark.pl\/?page_id=4659"},"modified":"2026-01-28T13:06:59","modified_gmt":"2026-01-28T12:06:59","slug":"ogloszenia-dla-akcjonariuszy","status":"publish","type":"page","link":"https:\/\/www.technologpark.pl\/en\/ogloszenia-dla-akcjonariuszy\/","title":{"rendered":"Og\u0142oszenia dla akcjonariuszy"},"content":{"rendered":"<p><div class=\"fusion-fullwidth fullwidth-box fusion-builder-row-1 nonhundred-percent-fullwidth non-hundred-percent-height-scrolling\" style=\"--awb-border-radius-top-left:0px;--awb-border-radius-top-right:0px;--awb-border-radius-bottom-right:0px;--awb-border-radius-bottom-left:0px;--awb-padding-top:0px;--awb-flex-wrap:wrap;\" ><div class=\"fusion-builder-row fusion-row\"><div class=\"fusion-layout-column fusion_builder_column fusion-builder-column-0 fusion_builder_column_1_1 1_1 fusion-one-full fusion-column-first fusion-column-last\" style=\"--awb-bg-blend:overlay;--awb-bg-size:cover;\"><div class=\"fusion-column-wrapper fusion-column-has-shadow fusion-flex-column-wrapper-legacy\"><div class=\"fusion-text fusion-text-1\"><p><strong>INFORMACJE OG\u00d3LNE<\/strong><br \/>\nSp\u00f3\u0142ka \u201eWroc\u0142awski Park Technologiczny\u201d Sp\u00f3\u0142ka Akcyjna z siedzib\u0105 we Wroc\u0142awiu (54-424), przy ulicy Muchoborskiej 18,<br \/>\nzarejestrowana w S\u0105dzie Rejonowym dla Wroc\u0142awia- Fabrycznej, VI Wydzia\u0142 Gospodarczy KRS, pod numerem rejestrowym 0000004202,<br \/>\no nadanym numerze NIP: 8992218633, posiadaj\u0105ca kapita\u0142 zak\u0142adowy w wysoko\u015bci 28.174.500 z\u0142, , BDO 00374608<\/p>\n<\/div><div class=\"fusion-clearfix\"><\/div><\/div><\/div><\/div><\/div><div class=\"fusion-fullwidth fullwidth-box fusion-builder-row-2 nonhundred-percent-fullwidth non-hundred-percent-height-scrolling\" style=\"--awb-border-radius-top-left:0px;--awb-border-radius-top-right:0px;--awb-border-radius-bottom-right:0px;--awb-border-radius-bottom-left:0px;--awb-flex-wrap:wrap;\" ><div class=\"fusion-builder-row fusion-row\"><div class=\"fusion-layout-column fusion_builder_column fusion-builder-column-1 fusion_builder_column_1_1 1_1 fusion-one-full fusion-column-first fusion-column-last\" style=\"--awb-bg-size:cover;\"><div class=\"fusion-column-wrapper fusion-column-has-shadow fusion-flex-column-wrapper-legacy\"><div class=\"fusion-button-wrapper\"><a class=\"fusion-button button-flat fusion-button-default-size button-default fusion-button-default button-1 fusion-button-default-span fusion-button-default-type\" target=\"_blank\" rel=\"noopener noreferrer\" href=\"https:\/\/www.technologpark.pl\/wp-content\/uploads\/2026\/01\/Walne-Zgromadzenie-21.01.2026-zawiadomienie.pdf\"><span class=\"fusion-button-text awb-button__text awb-button__text--default\">Zwyczajne Walne Zgromadzenie &#8211; 21.01.2026 r.<\/span><\/a><\/div><div class=\"fusion-clearfix\"><\/div><\/div><\/div><div class=\"fusion-layout-column fusion_builder_column fusion-builder-column-2 fusion_builder_column_1_1 1_1 fusion-one-full fusion-column-first fusion-column-last\" style=\"--awb-bg-size:cover;\"><div class=\"fusion-column-wrapper fusion-column-has-shadow fusion-flex-column-wrapper-legacy\"><div class=\"fusion-button-wrapper\"><a class=\"fusion-button button-flat fusion-button-default-size button-default fusion-button-default button-2 fusion-button-default-span fusion-button-default-type\" target=\"_blank\" rel=\"noopener noreferrer\" href=\"https:\/\/www.technologpark.pl\/wp-content\/uploads\/2025\/04\/ZAWIADOMIENIE-O-ZWZ-15-MAJA-2025-R.pdf\"><span class=\"fusion-button-text awb-button__text awb-button__text--default\">Zwyczajne Walne Zgromadzenie &#8211; 15.05.2025 r.<\/span><\/a><\/div><div class=\"fusion-clearfix\"><\/div><\/div><\/div><div class=\"fusion-layout-column fusion_builder_column fusion-builder-column-3 fusion_builder_column_1_1 1_1 fusion-one-full fusion-column-first fusion-column-last\" style=\"--awb-bg-size:cover;\"><div class=\"fusion-column-wrapper fusion-column-has-shadow fusion-flex-column-wrapper-legacy\"><div class=\"fusion-button-wrapper\"><a class=\"fusion-button button-flat fusion-button-default-size button-default fusion-button-default button-3 fusion-button-default-span fusion-button-default-type\" target=\"_blank\" rel=\"noopener noreferrer\" href=\"https:\/\/www.technologpark.pl\/wp-content\/uploads\/2025\/03\/scan_2025-03-07_10-10-15.pdf\"><span class=\"fusion-button-text awb-button__text awb-button__text--default\">Nadzwyczajne Walne Zgromadzenie &#8211; 24.03.2025 r.<\/span><\/a><\/div><div class=\"fusion-clearfix\"><\/div><\/div><\/div><\/div><\/div><\/p>\n","protected":false},"excerpt":{"rendered":"","protected":false},"author":2,"featured_media":0,"parent":0,"menu_order":0,"comment_status":"closed","ping_status":"closed","template":"100-width.php","meta":{"footnotes":""},"class_list":["post-4659","page","type-page","status-publish","hentry"],"_links":{"self":[{"href":"https:\/\/www.technologpark.pl\/en\/wp-json\/wp\/v2\/pages\/4659","targetHints":{"allow":["GET"]}}],"collection":[{"href":"https:\/\/www.technologpark.pl\/en\/wp-json\/wp\/v2\/pages"}],"about":[{"href":"https:\/\/www.technologpark.pl\/en\/wp-json\/wp\/v2\/types\/page"}],"author":[{"embeddable":true,"href":"https:\/\/www.technologpark.pl\/en\/wp-json\/wp\/v2\/users\/2"}],"replies":[{"embeddable":true,"href":"https:\/\/www.technologpark.pl\/en\/wp-json\/wp\/v2\/comments?post=4659"}],"version-history":[{"count":1,"href":"https:\/\/www.technologpark.pl\/en\/wp-json\/wp\/v2\/pages\/4659\/revisions"}],"predecessor-version":[{"id":24659,"href":"https:\/\/www.technologpark.pl\/en\/wp-json\/wp\/v2\/pages\/4659\/revisions\/24659"}],"wp:attachment":[{"href":"https:\/\/www.technologpark.pl\/en\/wp-json\/wp\/v2\/media?parent=4659"}],"curies":[{"name":"wp","href":"https:\/\/api.w.org\/{rel}","templated":true}]}}