{"id":2788,"date":"2019-05-03T14:18:35","date_gmt":"2019-05-03T14:18:35","guid":{"rendered":"https:\/\/www.technologpark.pl\/struktura-wlascicielska\/"},"modified":"2026-01-28T14:04:24","modified_gmt":"2026-01-28T13:04:24","slug":"shareholders","status":"publish","type":"page","link":"https:\/\/www.technologpark.pl\/en\/wpt\/shareholders\/","title":{"rendered":"Shareholders"},"content":{"rendered":"<p><div class=\"fusion-fullwidth fullwidth-box fusion-builder-row-1 fusion-parallax-none hundred-percent-fullwidth non-hundred-percent-height-scrolling fusion-no-medium-visibility fusion-no-large-visibility\" style=\"--awb-background-position:center top;--awb-border-sizes-top:0px;--awb-border-sizes-bottom:0px;--awb-border-sizes-left:0px;--awb-border-sizes-right:0px;--awb-border-radius-top-left:0px;--awb-border-radius-top-right:0px;--awb-border-radius-bottom-right:0px;--awb-border-radius-bottom-left:0px;--awb-padding-top:100px;--awb-padding-right:0px;--awb-padding-bottom:0px;--awb-padding-left:0px;--awb-margin-bottom:50px;--awb-background-color:#1c1e21;--awb-background-image:url(&quot;https:\/\/www.technologpark.pl\/wp-content\/uploads\/2019\/05\/stellar-hub-wroc\u0142awski-park-technologiczny.png&quot;);--awb-background-size:cover;--awb-flex-wrap:wrap;\" ><div class=\"fusion-builder-row fusion-row\"><div class=\"fusion-layout-column fusion_builder_column fusion-builder-column-0 fusion_builder_column_1_1 1_1 fusion-one-full fusion-column-first fusion-column-last fusion-column-no-min-height\" style=\"--awb-padding-left:10%;--awb-bg-blend:overlay;--awb-bg-size:cover;--awb-margin-bottom:0px;\"><div class=\"fusion-column-wrapper fusion-column-has-shadow fusion-flex-column-wrapper-legacy\"><div class=\"fusion-text fusion-text-1\"><p>Shareholders<\/p>\n<\/div><div class=\"fusion-clearfix\"><\/div><\/div><\/div><\/div><\/div><div class=\"fusion-fullwidth fullwidth-box fusion-builder-row-2 nonhundred-percent-fullwidth non-hundred-percent-height-scrolling fusion-equal-height-columns\" style=\"--awb-border-radius-top-left:0px;--awb-border-radius-top-right:0px;--awb-border-radius-bottom-right:0px;--awb-border-radius-bottom-left:0px;--awb-padding-top:2%;--awb-flex-wrap:wrap;\" ><div class=\"fusion-builder-row fusion-row\"><div class=\"fusion-layout-column fusion_builder_column fusion-builder-column-1 fusion_builder_column_1_1 1_1 fusion-one-full fusion-column-first fusion-column-last\" style=\"--awb-bg-blend:overlay;--awb-bg-size:cover;\"><div class=\"fusion-column-wrapper fusion-column-has-shadow fusion-flex-column-wrapper-legacy\"><div class=\"fusion-title title fusion-title-1 fusion-sep-none fusion-title-text fusion-title-size-two\" style=\"--awb-margin-top-small:0px;--awb-margin-right-small:0px;--awb-margin-bottom-small:20px;--awb-margin-left-small:0px;--awb-font-size:var(--awb-custom_typography_1-font-size);\"><h2 class=\"fusion-title-heading title-heading-left fusion-responsive-typography-calculated\" style=\"font-family:var(--awb-custom_typography_1-font-family);font-weight:var(--awb-custom_typography_1-font-weight);font-style:var(--awb-custom_typography_1-font-style);margin:0;letter-spacing:var(--awb-custom_typography_1-letter-spacing);text-transform:var(--awb-custom_typography_1-text-transform);font-size:1em;--fontSize:16;--minFontSize:16;line-height:var(--awb-custom_typography_1-line-height);\">The shareholders of the joint-stock company Wroc\u0142awski Park Technologiczny are:<\/h2><\/div>\n<div class=\"table-1\">\n<table width=\"75%\">\n<thead>\n<tr>\n<th align=\"left\"><strong>Name of shareholder<\/strong><\/th>\n<th align=\"left\">% share in the share capital<\/th>\n<\/tr>\n<\/thead>\n<tbody>\n<tr>\n<td align=\"left\">Wroc\u0142aw Municipality<\/td>\n<td align=\"left\">95,34%<\/td>\n<\/tr>\n<tr>\n<td align=\"left\">Litwi\u0144ski \u0141o\u015b and Partners Attorneys and Law<\/td>\n<td align=\"left\">0,53%<\/td>\n<\/tr>\n<tr>\n<td align=\"left\">Wroc\u0142aw University of Technology<\/td>\n<td align=\"left\">1,41%<\/td>\n<\/tr>\n<tr>\n<td align=\"left\">University of Wroclaw<\/td>\n<td align=\"left\">1,24%<\/td>\n<\/tr>\n<tr>\n<td align=\"left\">Wroc\u0142aw University of Environmental and Life Sciences<\/td>\n<td align=\"left\">0,72%<\/td>\n<\/tr>\n<tr>\n<td align=\"left\">Lower Silesian Chamber of Commerce<\/td>\n<td align=\"left\">0,01%<\/td>\n<\/tr>\n<tr>\n<td align=\"left\">Wroc\u0142aw Agglomeration Development Agency<\/td>\n<td align=\"left\">0,01%<\/td>\n<\/tr>\n<tr>\n<td align=\"left\">Wroc\u0142aw University of Economics<\/td>\n<td align=\"left\">0,22%<\/td>\n<\/tr>\n<tr>\n<td align=\"left\">Wroc\u0142aw Medical University<\/td>\n<td align=\"left\">0,52%<\/td>\n<\/tr>\n<\/tbody>\n<\/table>\n<\/div>\n<div class=\"fusion-clearfix\"><\/div><\/div><\/div><\/div><\/div><\/p>\n","protected":false},"excerpt":{"rendered":"","protected":false},"author":1,"featured_media":0,"parent":2830,"menu_order":0,"comment_status":"closed","ping_status":"closed","template":"100-width.php","meta":{"footnotes":""},"class_list":["post-2788","page","type-page","status-publish","hentry"],"_links":{"self":[{"href":"https:\/\/www.technologpark.pl\/en\/wp-json\/wp\/v2\/pages\/2788","targetHints":{"allow":["GET"]}}],"collection":[{"href":"https:\/\/www.technologpark.pl\/en\/wp-json\/wp\/v2\/pages"}],"about":[{"href":"https:\/\/www.technologpark.pl\/en\/wp-json\/wp\/v2\/types\/page"}],"author":[{"embeddable":true,"href":"https:\/\/www.technologpark.pl\/en\/wp-json\/wp\/v2\/users\/1"}],"replies":[{"embeddable":true,"href":"https:\/\/www.technologpark.pl\/en\/wp-json\/wp\/v2\/comments?post=2788"}],"version-history":[{"count":1,"href":"https:\/\/www.technologpark.pl\/en\/wp-json\/wp\/v2\/pages\/2788\/revisions"}],"predecessor-version":[{"id":24711,"href":"https:\/\/www.technologpark.pl\/en\/wp-json\/wp\/v2\/pages\/2788\/revisions\/24711"}],"up":[{"embeddable":true,"href":"https:\/\/www.technologpark.pl\/en\/wp-json\/wp\/v2\/pages\/2830"}],"wp:attachment":[{"href":"https:\/\/www.technologpark.pl\/en\/wp-json\/wp\/v2\/media?parent=2788"}],"curies":[{"name":"wp","href":"https:\/\/api.w.org\/{rel}","templated":true}]}}