{"id":2688,"date":"2019-05-22T11:47:51","date_gmt":"2019-05-22T09:47:51","guid":{"rendered":"https:\/\/www.technologpark.pl\/polityka-prywatnosci\/"},"modified":"2019-08-22T11:29:18","modified_gmt":"2019-08-22T09:29:18","slug":"privacy-policy","status":"publish","type":"page","link":"https:\/\/www.technologpark.pl\/en\/privacy-policy\/","title":{"rendered":"Privacy policy"},"content":{"rendered":"<p><div class=\"fusion-fullwidth fullwidth-box fusion-builder-row-1 fusion-parallax-none hundred-percent-fullwidth non-hundred-percent-height-scrolling fusion-no-small-visibility\" style=\"--awb-background-position:center top;--awb-border-radius-top-left:0px;--awb-border-radius-top-right:0px;--awb-border-radius-bottom-right:0px;--awb-border-radius-bottom-left:0px;--awb-padding-top:100px;--awb-padding-right:0px;--awb-padding-bottom:0px;--awb-padding-left:0px;--awb-margin-bottom:50px;--awb-background-color:#1c1e21;--awb-background-image:url(&quot;https:\/\/www.technologpark.pl\/wp-content\/uploads\/2019\/05\/stellar-hub-wroc\u0142awski-park-technologiczny.png&quot;);--awb-background-size:cover;--awb-border-sizes-top:0px;--awb-border-sizes-bottom:0px;--awb-flex-wrap:wrap;\" ><div class=\"fusion-builder-row fusion-row\"><div class=\"fusion-layout-column fusion_builder_column fusion-builder-column-0 fusion_builder_column_1_1 1_1 fusion-one-full fusion-column-first fusion-column-last fusion-column-no-min-height\" style=\"--awb-padding-left:10%;--awb-bg-size:cover;--awb-margin-bottom:0px;\"><div class=\"fusion-column-wrapper fusion-column-has-shadow fusion-flex-column-wrapper-legacy\"><div class=\"fusion-text fusion-text-1\"><h2 style=\"font-size: 48px; text-align: left; line-height: 48px;\"><span style=\"color: #ffffff;\">Privacy policy<\/span><\/h2>\n<\/div><div class=\"fusion-clearfix\"><\/div><\/div><\/div><\/div><\/div><div class=\"fusion-fullwidth fullwidth-box fusion-builder-row-2 fusion-parallax-none hundred-percent-fullwidth non-hundred-percent-height-scrolling fusion-no-medium-visibility fusion-no-large-visibility\" style=\"--awb-background-position:center top;--awb-border-radius-top-left:0px;--awb-border-radius-top-right:0px;--awb-border-radius-bottom-right:0px;--awb-border-radius-bottom-left:0px;--awb-padding-top:100px;--awb-padding-right:0px;--awb-padding-bottom:0px;--awb-padding-left:0px;--awb-margin-bottom:50px;--awb-background-color:#1c1e21;--awb-background-image:url(&quot;https:\/\/www.technologpark.pl\/wp-content\/uploads\/2019\/05\/stellar-hub-wroc\u0142awski-park-technologiczny.png&quot;);--awb-background-size:cover;--awb-border-sizes-top:0px;--awb-border-sizes-bottom:0px;--awb-flex-wrap:wrap;\" ><div class=\"fusion-builder-row fusion-row\"><div class=\"fusion-layout-column fusion_builder_column fusion-builder-column-1 fusion_builder_column_1_1 1_1 fusion-one-full fusion-column-first fusion-column-last fusion-column-no-min-height\" style=\"--awb-padding-left:10%;--awb-bg-size:cover;--awb-margin-bottom:0px;\"><div class=\"fusion-column-wrapper fusion-column-has-shadow fusion-flex-column-wrapper-legacy\"><div class=\"fusion-text fusion-text-2\"><h2 style=\"font-size: 34px; text-align: left; line-height: 48px;\"><span style=\"color: #ffffff;\">Privacy policy<\/span><\/h2>\n<\/div><div class=\"fusion-clearfix\"><\/div><\/div><\/div><\/div><\/div><div class=\"fusion-fullwidth fullwidth-box fusion-builder-row-3 nonhundred-percent-fullwidth non-hundred-percent-height-scrolling\" style=\"--awb-border-radius-top-left:0px;--awb-border-radius-top-right:0px;--awb-border-radius-bottom-right:0px;--awb-border-radius-bottom-left:0px;--awb-flex-wrap:wrap;\" ><div class=\"fusion-builder-row fusion-row\"><div class=\"fusion-layout-column fusion_builder_column fusion-builder-column-2 fusion_builder_column_1_1 1_1 fusion-one-full fusion-column-first fusion-column-last\" style=\"--awb-bg-size:cover;\"><div class=\"fusion-column-wrapper fusion-column-has-shadow fusion-flex-column-wrapper-legacy\"><div class=\"fusion-text fusion-text-3\"><p>Wroc\u0142awski Park Technologiczny S.A, as the owner of website, endeavours to use the best practices and treat all Users in a fair and open manner. We make our best efforts to process personal data of our Users pursuant to the applicable provisions of law of Poland and the European Union.<\/p>\n<p>This Privacy Policy determines the rules of processing any information of the nature of personal data that were obtained by way of Users using the services available on website: <a href=\"https:\/\/www.technologpark.pl\/en\/\">www.technologpark.pl<\/a>.<\/p>\n<p><strong>Personal Data Controller<\/strong><\/p>\n<ol>\n<li>The Personal Data Controller (hereinafter referred to as the Controller) is \u201cWroc\u0142awski Park Technologiczny\u201d Sp\u00f3\u0142ka Akcyjna with its registered office in Wroc\u0142aw at ulica Muchoborska 18, REGON <em>[National Official Business Register]<\/em>: 931896820, NIP <em>[Tax Identification Number]<\/em>: 8992218633, entered in the District Court for Wroc\u0142aw-Fabryczna in Wroc\u0142aw, VI Economic Division of the National Court Register under KRS <em>[National Court Register]<\/em> number 0000004202, of share capital in the amount of PLN 23,174,500.00, which processes personal data of the Users pursuant to the provisions of the Regulation (EU) 2016\/679 of the European Parliament and of the Council of 27 April 2016 on the protection of natural persons with regard to the processing of personal data and the Act of 18.07.2002 on Providing Services by Electronic Means and other generally applicable provisions of law.<\/li>\n<li>The Controller places strong emphasis on the protection of privacy and confidentiality of personal data of the Users of the Website and chooses and uses proper technical and organisational measures that ensure the protection and processing of personal data with due diligence.<\/li>\n<li>In cases associated with personal data of the User, please call at 71\u00a0798 58 00 or send an e-mail at <a href=\"mailto:wpt@technologpark.pl\">wpt@technologpark.pl<\/a>.<\/li>\n<\/ol>\n<p><strong>Which data do we process?<\/strong><\/p>\n<ol>\n<li>Personal Data of the Users are processed on the servers that ensure their security. We take care of processing the data in compliance with the objective and scope of use of our services available via the Website, including subsites, applications and other functions made available by the Controller so as to allow the Users to use the Website in the most secure and convenient way.<\/li>\n<li>The Website uses services of Google Analitics, Facebook Pixel, LinkedIn Insight Tag (Conversion Tracking) that collect anonymous information by means of cookies on webpages of the Website visited by its particular Users.<\/li>\n<li>The websites of the Controller\u2019s partners, to which websites links are placed<br \/>\nin the Website are subject to their own privacy policy (in the scope of using cookies).<\/li>\n<li>The provision of data is voluntary; however, failure to do so can prevent the use the offer of the Controller.<\/li>\n<li>The data will be processed for the purposes associated with using the services available via the Website.<\/li>\n<li>By using the Website, the User accepts the rules specified in this Privacy Policy.<\/li>\n<li>The User has the right to lodge a complaint with the supervisory body \u2013 the President of the Personal Data Protection Office \u2013 If it believes that the processing of personal data breaches personal data protection regulations.<\/li>\n<li>Pursuant to GDPR, the Controller is entitled to process personal data of the User in the following circumstances:<\/li>\n<\/ol>\n<ul>\n<li>The User agrees to process its personal data;<\/li>\n<li>The processing of personal data of the User is necessary to fulfil the legal duty on the part of the Controller;<\/li>\n<li>If it is indispensable for purposes resulting from the legitimate interests of the Controller or third persons.<\/li>\n<\/ul>\n<ol start=\"9\">\n<li>Personal data storing period:<\/li>\n<\/ol>\n<ul>\n<li>Cookies: for 30 days from the time when the User gives its consent<\/li>\n<li>Analytical data: in case of provision of consent \u2013 to the moment of its withdrawal, restriction or other actions on your part restricting this consent,<\/li>\n<li>Other data: if the data are necessary to perform the agreement, during the performance, to the moment of expiration of limitation period of claims under this agreement.<\/li>\n<\/ul>\n<ol start=\"10\">\n<li>The personal data of Users will be made available to the following entities:<\/li>\n<\/ol>\n<ul>\n<li>Employees and co-workers of the Controller who were authorised to<br \/>\nprocess personal data;<\/li>\n<li>Partners of the Controller, public authorities, to which data will be provided<br \/>\ndue to pending proceedings and under applicable provisions of law.<\/li>\n<\/ul>\n<p><strong>Which rights are granted to the Users<\/strong><\/p>\n<p>The User is entitled to:<\/p>\n<ul>\n<li>Request to obtain a copy of its personal data or make them available in the registered office of WPT S.A. (Art. 15 of GDPR);<\/li>\n<li>Request the rectification of personal data (Art. 16 of GDPR);<\/li>\n<li>Request the removal of personal data (Art. 17 of GDPR), the so-called \u201cright to be forgotten\u201d;<\/li>\n<li>Request the restriction of processing of its personal data (Art. 18 of GDPR);<\/li>\n<li>Request the transfer of its personal data in a commonly used format to another data controller specified by it (Art. 20 of GDPR);<\/li>\n<li>Object to the processing of personal data (Art. 21 of GDPR);<\/li>\n<li>Withdrawal of consent for processing of personal data if the processing is performed on the basis of a previously given consent (Art. 7.3 of GDPR).<\/li>\n<\/ul>\n<p>Apart from the powers referred to in point 11, the User can at any time withdraw the consent for processing personal data that were provided by the User. When the Controller learns of the withdrawal of consent, it immediately undertakes actions that aim to erase the stored data.<\/p>\n<p><strong>Profiling, targeting and cookies policy<\/strong><\/p>\n<p>The website traffic data are used for profiling and targeting advertisements on external websites &#8211; Facebook, Google, Instagram. They are based on unspecified criteria that prevent identification of a single user.<\/p>\n<p><strong>Cookies:<\/strong><\/p>\n<p>The website collects data automatically in cookies;<\/p>\n<ul>\n<li>Cookies are to be understood as IT data, in particular text files, stored on User\u2019s end devices and intended for use on websites;<\/li>\n<li>Cookies are used by the Controller only for operating the Website, recognising the User\u2019s device and displaying webpages of the Website in a manner tailored to its individual needs as well as for establishing anonymous statistics of the Website and improving efficiency and effect of using the Website.<\/li>\n<li>Cookies are not used to obtain any personal data of the Users;<\/li>\n<li>The User can give consent for saving cookies by ticking the proper consent.<\/li>\n<\/ul>\n<p><strong>Controlling and erasing cookies<\/strong><\/p>\n<p>The User can change the manner of using cookies at any time. The majority of browsers offer the possibility of accepting or rejecting all cookies, accepting only their certain types or informing the user every time when website tries to save them. The User can easily erase cookies that were saved on the device by the browser. The possibility of managing and erasing cookies differ in terms of the used browser. The User can find all necessary information by using the Help function in its browser or by visiting the http:\/\/www.aboutcookies.org\/ website, which explains how to control and erase cookies in the most popular browsers. Remember, if you block all cookies, it can cause functioning difficulties as regards certain functionalities of the website or entirely prevent you from using them.<\/p>\n<p>This Privacy Policy can be changed due to technological development and modification of existing standards. Therefore, the Controller undertakes to periodically and regularly verify the Policy in order to implement the most current legal and technological regulations.<\/p>\n<\/div><div class=\"fusion-builder-row fusion-builder-row-inner fusion-row\"><div class=\"fusion-layout-column fusion_builder_column_inner fusion-builder-nested-column-0 fusion_builder_column_inner_1_5 1_5 fusion-one-fifth fusion-column-first\" style=\"--awb-bg-size:cover;width:20%;width:calc(20% - ( ( 4% + 4% + 4% + 4% ) * 0.2 ) );margin-right: 4%;\"><div class=\"fusion-column-wrapper fusion-column-has-shadow fusion-flex-column-wrapper-legacy\"><div class=\"fusion-button-wrapper\"><a class=\"fusion-button button-flat fusion-button-default-size button-custom fusion-button-default button-1 fusion-button-default-span fusion-button-default-type\" style=\"--button_accent_color:#ffffff;--button_accent_hover_color:#ffffff;--button_border_hover_color:#ffffff;--button_gradient_top_color:#8b2740;--button_gradient_bottom_color:#8b2740;--button_gradient_top_color_hover:var(--awb-custom_color_2);--button_gradient_bottom_color_hover:var(--awb-custom_color_2);\" target=\"_blank\" rel=\"noopener noreferrer\" href=\"https:\/\/support.microsoft.com\/pl-pl\/help\/17442\/windows-internet-explorer-delete-manage-cookies\"><span class=\"fusion-button-text awb-button__text awb-button__text--default\">Internet Explorer cookies settings<\/span><\/a><\/div><div class=\"fusion-clearfix\"><\/div><\/div><\/div><div class=\"fusion-layout-column fusion_builder_column_inner fusion-builder-nested-column-1 fusion_builder_column_inner_1_5 1_5 fusion-one-fifth\" style=\"--awb-bg-size:cover;width:20%;width:calc(20% - ( ( 4% + 4% + 4% + 4% ) * 0.2 ) );margin-right: 4%;\"><div class=\"fusion-column-wrapper fusion-column-has-shadow fusion-flex-column-wrapper-legacy\"><div class=\"fusion-button-wrapper\"><a class=\"fusion-button button-flat fusion-button-default-size button-custom fusion-button-default button-2 fusion-button-default-span fusion-button-default-type\" style=\"--button_accent_color:#ffffff;--button_accent_hover_color:#ffffff;--button_border_hover_color:#ffffff;--button_gradient_top_color:#8b2740;--button_gradient_bottom_color:#8b2740;--button_gradient_top_color_hover:var(--awb-custom_color_2);--button_gradient_bottom_color_hover:var(--awb-custom_color_2);\" target=\"_blank\" rel=\"noopener noreferrer\" href=\"https:\/\/support.google.com\/chrome\/answer\/95647?hl=pl\"><span class=\"fusion-button-text awb-button__text awb-button__text--default\">Chrome cookies settings<\/span><\/a><\/div><div class=\"fusion-clearfix\"><\/div><\/div><\/div><div class=\"fusion-layout-column fusion_builder_column_inner fusion-builder-nested-column-2 fusion_builder_column_inner_1_5 1_5 fusion-one-fifth\" style=\"--awb-bg-size:cover;width:20%;width:calc(20% - ( ( 4% + 4% + 4% + 4% ) * 0.2 ) );margin-right: 4%;\"><div class=\"fusion-column-wrapper fusion-column-has-shadow fusion-flex-column-wrapper-legacy\"><div class=\"fusion-button-wrapper\"><a class=\"fusion-button button-flat fusion-button-default-size button-custom fusion-button-default button-3 fusion-button-default-span fusion-button-default-type\" style=\"--button_accent_color:#ffffff;--button_accent_hover_color:#ffffff;--button_border_hover_color:#ffffff;--button_gradient_top_color:#8b2740;--button_gradient_bottom_color:#8b2740;--button_gradient_top_color_hover:var(--awb-custom_color_2);--button_gradient_bottom_color_hover:var(--awb-custom_color_2);\" target=\"_blank\" rel=\"noopener noreferrer\" href=\"https:\/\/support.mozilla.org\/pl\/kb\/W%C5%82%C4%85czanie%20i%20wy%C5%82%C4%85czanie%20obs%C5%82ugi%20ciasteczek\"><span class=\"fusion-button-text awb-button__text awb-button__text--default\">Firefox cookies settings<\/span><\/a><\/div><div class=\"fusion-clearfix\"><\/div><\/div><\/div><div class=\"fusion-layout-column fusion_builder_column_inner fusion-builder-nested-column-3 fusion_builder_column_inner_1_5 1_5 fusion-one-fifth\" style=\"--awb-bg-size:cover;width:20%;width:calc(20% - ( ( 4% + 4% + 4% + 4% ) * 0.2 ) );margin-right: 4%;\"><div class=\"fusion-column-wrapper fusion-column-has-shadow fusion-flex-column-wrapper-legacy\"><div class=\"fusion-button-wrapper\"><a class=\"fusion-button button-flat fusion-button-default-size button-custom fusion-button-default button-4 fusion-button-default-span fusion-button-default-type\" style=\"--button_accent_color:#ffffff;--button_accent_hover_color:#ffffff;--button_border_hover_color:#ffffff;--button_gradient_top_color:#8b2740;--button_gradient_bottom_color:#8b2740;--button_gradient_top_color_hover:var(--awb-custom_color_2);--button_gradient_bottom_color_hover:var(--awb-custom_color_2);\" target=\"_blank\" rel=\"noopener noreferrer\" href=\"https:\/\/help.opera.com\/pl\/latest\/web-preferences\/\"><span class=\"fusion-button-text awb-button__text awb-button__text--default\">Opera cookies settings<\/span><\/a><\/div><div class=\"fusion-clearfix\"><\/div><\/div><\/div><div class=\"fusion-layout-column fusion_builder_column_inner fusion-builder-nested-column-4 fusion_builder_column_inner_1_5 1_5 fusion-one-fifth fusion-column-last\" style=\"--awb-bg-size:cover;width:20%;width:calc(20% - ( ( 4% + 4% + 4% + 4% ) * 0.2 ) );\"><div class=\"fusion-column-wrapper fusion-column-has-shadow fusion-flex-column-wrapper-legacy\"><div class=\"fusion-button-wrapper\"><a class=\"fusion-button button-flat fusion-button-default-size button-custom fusion-button-default button-5 fusion-button-default-span fusion-button-default-type\" style=\"--button_accent_color:#ffffff;--button_accent_hover_color:#ffffff;--button_border_hover_color:#ffffff;--button_gradient_top_color:#8b2740;--button_gradient_bottom_color:#8b2740;--button_gradient_top_color_hover:var(--awb-custom_color_2);--button_gradient_bottom_color_hover:var(--awb-custom_color_2);\" target=\"_blank\" rel=\"noopener noreferrer\" href=\"https:\/\/support.apple.com\/kb\/PH5042?locale=pl_PL\"><span class=\"fusion-button-text awb-button__text awb-button__text--default\">Safari cookies settings<\/span><\/a><\/div><div class=\"fusion-clearfix\"><\/div><\/div><\/div><\/div><div class=\"fusion-text fusion-text-4\"><p>Information for mobile devices are available on the following websites:<\/p>\n<\/div><div class=\"fusion-builder-row fusion-builder-row-inner fusion-row\"><div class=\"fusion-layout-column fusion_builder_column_inner fusion-builder-nested-column-5 fusion_builder_column_inner_1_5 1_5 fusion-one-fifth fusion-column-first\" style=\"--awb-bg-size:cover;width:20%;width:calc(20% - ( ( 4% + 4% ) * 0.2 ) );margin-right: 4%;\"><div class=\"fusion-column-wrapper fusion-column-has-shadow fusion-flex-column-wrapper-legacy\"><div class=\"fusion-button-wrapper\"><a class=\"fusion-button button-flat fusion-button-default-size button-custom fusion-button-default button-6 fusion-button-default-span fusion-button-default-type\" style=\"--button_accent_color:#ffffff;--button_accent_hover_color:#ffffff;--button_border_hover_color:#ffffff;--button_gradient_top_color:#8b2740;--button_gradient_bottom_color:#8b2740;--button_gradient_top_color_hover:var(--awb-custom_color_2);--button_gradient_bottom_color_hover:var(--awb-custom_color_2);\" target=\"_blank\" rel=\"noopener noreferrer\" href=\"https:\/\/support.google.com\/chrome\/answer\/95647?hl=pl\"><span class=\"fusion-button-text awb-button__text awb-button__text--default\">Android cookies settings<\/span><\/a><\/div><div class=\"fusion-clearfix\"><\/div><\/div><\/div><div class=\"fusion-layout-column fusion_builder_column_inner fusion-builder-nested-column-6 fusion_builder_column_inner_1_5 1_5 fusion-one-fifth\" style=\"--awb-bg-size:cover;width:20%;width:calc(20% - ( ( 4% + 4% ) * 0.2 ) );margin-right: 4%;\"><div class=\"fusion-column-wrapper fusion-column-has-shadow fusion-flex-column-wrapper-legacy\"><div class=\"fusion-button-wrapper\"><a class=\"fusion-button button-flat fusion-button-default-size button-custom fusion-button-default button-7 fusion-button-default-span fusion-button-default-type\" style=\"--button_accent_color:#ffffff;--button_accent_hover_color:#ffffff;--button_border_hover_color:#ffffff;--button_gradient_top_color:#8b2740;--button_gradient_bottom_color:#8b2740;--button_gradient_top_color_hover:var(--awb-custom_color_2);--button_gradient_bottom_color_hover:var(--awb-custom_color_2);\" target=\"_blank\" rel=\"noopener noreferrer\" href=\"https:\/\/support.apple.com\/pl-pl\/HT201265\"><span class=\"fusion-button-text awb-button__text awb-button__text--default\">iOS Safari cookies settings<\/span><\/a><\/div><div class=\"fusion-clearfix\"><\/div><\/div><\/div><div class=\"fusion-layout-column fusion_builder_column_inner fusion-builder-nested-column-7 fusion_builder_column_inner_1_5 1_5 fusion-one-fifth fusion-column-last\" style=\"--awb-bg-size:cover;width:20%;width:calc(20% - ( ( 4% + 4% ) * 0.2 ) );\"><div class=\"fusion-column-wrapper fusion-column-has-shadow fusion-flex-column-wrapper-legacy\"><div class=\"fusion-button-wrapper\"><a class=\"fusion-button button-flat fusion-button-default-size button-custom fusion-button-default button-8 fusion-button-default-span fusion-button-default-type\" style=\"--button_accent_color:#ffffff;--button_accent_hover_color:#ffffff;--button_border_hover_color:#ffffff;--button_gradient_top_color:#8b2740;--button_gradient_bottom_color:#8b2740;--button_gradient_top_color_hover:var(--awb-custom_color_2);--button_gradient_bottom_color_hover:var(--awb-custom_color_2);\" target=\"_blank\" rel=\"noopener noreferrer\" href=\"https:\/\/support.microsoft.com\/pl-pl\/help\/11696\/windows-phone-7\"><span class=\"fusion-button-text awb-button__text awb-button__text--default\">Windows Phone cookies settings<\/span><\/a><\/div><div class=\"fusion-clearfix\"><\/div><\/div><\/div><\/div><div class=\"fusion-clearfix\"><\/div><\/div><\/div><\/div><\/div><\/p>\n","protected":false},"excerpt":{"rendered":"","protected":false},"author":2,"featured_media":0,"parent":0,"menu_order":0,"comment_status":"closed","ping_status":"closed","template":"100-width.php","meta":{"footnotes":""},"class_list":["post-2688","page","type-page","status-publish","hentry"],"_links":{"self":[{"href":"https:\/\/www.technologpark.pl\/en\/wp-json\/wp\/v2\/pages\/2688","targetHints":{"allow":["GET"]}}],"collection":[{"href":"https:\/\/www.technologpark.pl\/en\/wp-json\/wp\/v2\/pages"}],"about":[{"href":"https:\/\/www.technologpark.pl\/en\/wp-json\/wp\/v2\/types\/page"}],"author":[{"embeddable":true,"href":"https:\/\/www.technologpark.pl\/en\/wp-json\/wp\/v2\/users\/2"}],"replies":[{"embeddable":true,"href":"https:\/\/www.technologpark.pl\/en\/wp-json\/wp\/v2\/comments?post=2688"}],"version-history":[{"count":0,"href":"https:\/\/www.technologpark.pl\/en\/wp-json\/wp\/v2\/pages\/2688\/revisions"}],"wp:attachment":[{"href":"https:\/\/www.technologpark.pl\/en\/wp-json\/wp\/v2\/media?parent=2688"}],"curies":[{"name":"wp","href":"https:\/\/api.w.org\/{rel}","templated":true}]}}